{"id":5167,"date":"2024-07-11T12:57:21","date_gmt":"2024-07-11T12:57:21","guid":{"rendered":"https:\/\/schweiz-taxiservice.ch\/?page_id=5167"},"modified":"2024-08-22T08:18:30","modified_gmt":"2024-08-22T08:18:30","slug":"impressum","status":"publish","type":"page","link":"https:\/\/schweiz-taxiservice.ch\/en\/impressum\/","title":{"rendered":"imprint"},"content":{"rendered":"<div data-elementor-type=\"wp-page\" data-elementor-id=\"5167\" class=\"elementor elementor-5167\">\n\t\t\t\t<div class=\"elementor-element elementor-element-37a5ef5 e-flex e-con-boxed e-con e-parent\" data-id=\"37a5ef5\" data-element_type=\"container\" data-e-type=\"container\" data-settings=\"{&quot;background_background&quot;:&quot;classic&quot;}\">\n\t\t\t\t\t<div class=\"e-con-inner\">\n\t\t\t\t<div class=\"elementor-element elementor-element-580e9af elementor-widget elementor-widget-heading\" data-id=\"580e9af\" data-element_type=\"widget\" data-e-type=\"widget\" data-widget_type=\"heading.default\">\n\t\t\t\t<div class=\"elementor-widget-container\">\n\t\t\t\t\t<h2 class=\"elementor-heading-title elementor-size-default\">imprint\n<\/h2>\t\t\t\t<\/div>\n\t\t\t\t<\/div>\n\t\t<div class=\"elementor-element elementor-element-986396d e-con-full e-flex e-con e-child\" data-id=\"986396d\" data-element_type=\"container\" data-e-type=\"container\">\n\t\t\t\t<div class=\"elementor-element elementor-element-e9c80d3 elementor-widget elementor-widget-heading\" data-id=\"e9c80d3\" data-element_type=\"widget\" data-e-type=\"widget\" data-widget_type=\"heading.default\">\n\t\t\t\t<div class=\"elementor-widget-container\">\n\t\t\t\t\t<h2 class=\"elementor-heading-title elementor-size-default\"><a href=\"https:\/\/schweiz-taxiservice.ch\/en\/\">Home<\/a><\/h2>\t\t\t\t<\/div>\n\t\t\t\t<\/div>\n\t\t\t\t<div class=\"elementor-element elementor-element-6a2c680 elementor-view-default elementor-widget elementor-widget-icon\" data-id=\"6a2c680\" data-element_type=\"widget\" data-e-type=\"widget\" data-widget_type=\"icon.default\">\n\t\t\t\t<div class=\"elementor-widget-container\">\n\t\t\t\t\t\t\t<div class=\"elementor-icon-wrapper\">\n\t\t\t<div class=\"elementor-icon\">\n\t\t\t<svg aria-hidden=\"true\" class=\"e-font-icon-svg e-fas-arrow-right\" viewbox=\"0 0 448 512\" xmlns=\"http:\/\/www.w3.org\/2000\/svg\"><path d=\"M190.5 66.9l22.2-22.2c9.4-9.4 24.6-9.4 33.9 0L441 239c9.4 9.4 9.4 24.6 0 33.9L246.6 467.3c-9.4 9.4-24.6 9.4-33.9 0l-22.2-22.2c-9.5-9.5-9.3-25 .4-34.3L311.4 296H24c-13.3 0-24-10.7-24-24v-32c0-13.3 10.7-24 24-24h287.4L190.9 101.2c-9.8-9.3-10-24.8-.4-34.3z\"><\/path><\/svg>\t\t\t<\/div>\n\t\t<\/div>\n\t\t\t\t\t\t<\/div>\n\t\t\t\t<\/div>\n\t\t\t\t<div class=\"elementor-element elementor-element-7966a60 elementor-widget elementor-widget-heading\" data-id=\"7966a60\" data-element_type=\"widget\" data-e-type=\"widget\" data-widget_type=\"heading.default\">\n\t\t\t\t<div class=\"elementor-widget-container\">\n\t\t\t\t\t<h2 class=\"elementor-heading-title elementor-size-default\">imprint\n<\/h2>\t\t\t\t<\/div>\n\t\t\t\t<\/div>\n\t\t\t\t<\/div>\n\t\t\t\t\t<\/div>\n\t\t\t\t<\/div>\n\t\t<div class=\"elementor-element elementor-element-478de57 e-flex e-con-boxed e-con e-parent\" data-id=\"478de57\" data-element_type=\"container\" data-e-type=\"container\" data-settings=\"{&quot;background_background&quot;:&quot;classic&quot;}\">\n\t\t\t\t\t<div class=\"e-con-inner\">\n\t\t<div class=\"elementor-element elementor-element-ce5b5b0 e-con-full e-flex e-con e-child\" data-id=\"ce5b5b0\" data-element_type=\"container\" data-e-type=\"container\" data-settings=\"{&quot;background_background&quot;:&quot;classic&quot;}\">\n\t\t\t\t<div class=\"elementor-element elementor-element-97be429 elementor-widget elementor-widget-heading\" data-id=\"97be429\" data-element_type=\"widget\" data-e-type=\"widget\" data-widget_type=\"heading.default\">\n\t\t\t\t<div class=\"elementor-widget-container\">\n\t\t\t\t\t<h2 class=\"elementor-heading-title elementor-size-default\">Imprint Information according to \u00a7 5 TMG<\/h2>\t\t\t\t<\/div>\n\t\t\t\t<\/div>\n\t\t\r\n\t\t<div class=\"elementor-element elementor-element-09dd339 elementor-widget elementor-widget-text-editor\" data-id=\"09dd339\" data-element_type=\"widget\" data-e-type=\"widget\" data-widget_type=\"text-editor.default\">\n\t\t\t\t<div class=\"elementor-widget-container\">\n\t\t\t\t\t\t\t\t\t<p><strong>Company: <br \/><\/strong>Taxi Limousine-Service<\/p><p><strong>Address: <br \/><\/strong>Dielsdorferstrasse 7, 8155 Niederhasli\u00a0<\/p><p><strong>Contact:<\/strong><br \/>Phone: <a href=\"tel: 49783044453\">0783044453<\/a><br \/>E-mail: <a href=\"mailto:info@autoankaufprofi.ch\">info@schweiz-taxiservice.ch<\/a><\/p><p><strong>Represented by: <\/strong>Taxi Limousine Service, Omar<\/p><p><strong>Register entry: <\/strong>CH-020.1.095.012.0<\/p><p><strong>Tax ID: <\/strong>CHE-267.028.731<strong><br \/><\/strong><\/p><p><strong>Disclaimer:<\/strong><\/p><p><strong>Liability for content<\/strong><br \/>As service providers, we are liable for own contents of these websites according to Sec. 7, paragraph 1 German Telemedia Act (TMG). However, according to Sec. 8 to 10 German Telemedia Act (TMG), service providers are not obligated to permanently monitor submitted or stored information or to search for evidences that indicate illegal activities.<\/p><p><strong>Liability for links<\/strong><br \/>Our offer contains links to external third-party websites over whose content we have no influence. We therefore cannot accept any liability for this external content. The respective provider or operator of the pages is always responsible for the content of the linked pages.<\/p><p><strong>copyright<\/strong><br \/>The content and works on these pages created by the site operators are subject to Swiss copyright law. Contributions from third parties are marked as such. The reproduction, processing, distribution and any type of exploitation outside the limits of copyright law require the written consent of the respective author or creator.<\/p><p><strong>Dispute resolution<\/strong><br \/>We are not willing or obliged to participate in dispute resolution proceedings before a consumer arbitration board.<\/p>\t\t\t\t\t\t\t\t<\/div>\n\t\t\t\t<\/div>\n\t\t\t\t<\/div>\n\t\t\t\t\t<\/div>\n\t\t\t\t<\/div>\n\t\t\t\t<\/div>","protected":false},"excerpt":{"rendered":"<p>Legal Notice Home Legal Notice Legal Notice Information according to \u00a7 5 TMG Company: Taxi Limousine Service Address: Dielsdorferstrasse 7, 8155 Niederhasli Contact: Telephone: 0783044453 E-mail: info@schweiz-taxiservice.ch Represented by: Taxi Limousine Service, Omar Commercial Register Entry: CH-020.1.095.012.0 VAT ID: CHE-267.028.731 Disclaimer: Liability for Content As a service provider, we are responsible for our own content on these pages in accordance with general law pursuant to \u00a7 7 para. 1 TMG. According to \u00a7\u00a7\u2026<\/p>","protected":false},"author":1,"featured_media":0,"parent":0,"menu_order":0,"comment_status":"closed","ping_status":"closed","template":"elementor_header_footer","meta":{"_monsterinsights_skip_tracking":false,"_monsterinsights_sitenote_active":false,"_monsterinsights_sitenote_note":"","_monsterinsights_sitenote_category":0,"footnotes":""},"class_list":["post-5167","page","type-page","status-publish","hentry"],"yoast_head":"<!-- This site is optimized with the Yoast SEO plugin v25.1 - https:\/\/yoast.com\/wordpress\/plugins\/seo\/ -->\n<title>Impressum - Taxi Limousine-Service<\/title>\n<meta name=\"robots\" content=\"noindex, nofollow\" \/>\n<meta property=\"og:locale\" content=\"en_US\" \/>\n<meta property=\"og:type\" content=\"article\" \/>\n<meta property=\"og:title\" content=\"Impressum - Taxi Limousine-Service\" \/>\n<meta property=\"og:description\" content=\"Impressum Home Impressum Impressum Angaben gem\u00e4\u00df \u00a7 5 TMG Unternehmen: Taxi Limousine-Service Adresse: Dielsdorferstrasse 7, 8155 Niederhasli\u00a0 Kontakt:Telefon: 0783044453E-Mail: info@schweiz-taxiservice.ch Vertreten durch: Taxi Limousine-Service, Omar Registereintrag: CH-020.1.095.012.0 Umsatzsteuer-ID: CHE-267.028.731 Haftungsausschluss (Disclaimer): Haftung f\u00fcr InhalteAls Diensteanbieter sind wir gem\u00e4\u00df \u00a7 7 Abs.1 TMG f\u00fcr eigene Inhalte auf diesen Seiten nach den allgemeinen Gesetzen verantwortlich. Nach \u00a7\u00a7...\" \/>\n<meta property=\"og:url\" content=\"https:\/\/schweiz-taxiservice.ch\/en\/impressum\/\" \/>\n<meta property=\"og:site_name\" content=\"Taxi Limousine-Service\" \/>\n<meta property=\"article:modified_time\" content=\"2024-08-22T08:18:30+00:00\" \/>\n<meta name=\"twitter:card\" content=\"summary_large_image\" \/>\n<meta name=\"twitter:label1\" content=\"Est. reading time\" \/>\n\t<meta name=\"twitter:data1\" content=\"1 minute\" \/>\n<script type=\"application\/ld+json\" class=\"yoast-schema-graph\">{\"@context\":\"https:\/\/schema.org\",\"@graph\":[{\"@type\":\"WebPage\",\"@id\":\"https:\/\/schweiz-taxiservice.ch\/impressum\/\",\"url\":\"https:\/\/schweiz-taxiservice.ch\/impressum\/\",\"name\":\"Impressum - Taxi Limousine-Service\",\"isPartOf\":{\"@id\":\"https:\/\/schweiz-taxiservice.ch\/#website\"},\"datePublished\":\"2024-07-11T12:57:21+00:00\",\"dateModified\":\"2024-08-22T08:18:30+00:00\",\"breadcrumb\":{\"@id\":\"https:\/\/schweiz-taxiservice.ch\/impressum\/#breadcrumb\"},\"inLanguage\":\"en-US\",\"potentialAction\":[{\"@type\":\"ReadAction\",\"target\":[\"https:\/\/schweiz-taxiservice.ch\/impressum\/\"]}]},{\"@type\":\"BreadcrumbList\",\"@id\":\"https:\/\/schweiz-taxiservice.ch\/impressum\/#breadcrumb\",\"itemListElement\":[{\"@type\":\"ListItem\",\"position\":1,\"name\":\"Home\",\"item\":\"https:\/\/schweiz-taxiservice.ch\/\"},{\"@type\":\"ListItem\",\"position\":2,\"name\":\"Impressum\"}]},{\"@type\":\"WebSite\",\"@id\":\"https:\/\/schweiz-taxiservice.ch\/#website\",\"url\":\"https:\/\/schweiz-taxiservice.ch\/\",\"name\":\"Taxi Limousine-Service\",\"description\":\"\",\"publisher\":{\"@id\":\"https:\/\/schweiz-taxiservice.ch\/#organization\"},\"potentialAction\":[{\"@type\":\"SearchAction\",\"target\":{\"@type\":\"EntryPoint\",\"urlTemplate\":\"https:\/\/schweiz-taxiservice.ch\/?s={search_term_string}\"},\"query-input\":{\"@type\":\"PropertyValueSpecification\",\"valueRequired\":true,\"valueName\":\"search_term_string\"}}],\"inLanguage\":\"en-US\"},{\"@type\":\"Organization\",\"@id\":\"https:\/\/schweiz-taxiservice.ch\/#organization\",\"name\":\"Taxi Limousine-Service\",\"url\":\"https:\/\/schweiz-taxiservice.ch\/\",\"logo\":{\"@type\":\"ImageObject\",\"inLanguage\":\"en-US\",\"@id\":\"https:\/\/schweiz-taxiservice.ch\/#\/schema\/logo\/image\/\",\"url\":\"https:\/\/schweiz-taxiservice.ch\/wp-content\/uploads\/2023\/09\/Untitled-design-20.webp\",\"contentUrl\":\"https:\/\/schweiz-taxiservice.ch\/wp-content\/uploads\/2023\/09\/Untitled-design-20.webp\",\"width\":170,\"height\":71,\"caption\":\"Taxi Limousine-Service\"},\"image\":{\"@id\":\"https:\/\/schweiz-taxiservice.ch\/#\/schema\/logo\/image\/\"}}]}<\/script>\n<!-- \/ Yoast SEO plugin. -->","yoast_head_json":{"title":"Imprint - Taxi Limousine Service","robots":{"index":"noindex","follow":"nofollow"},"og_locale":"en_US","og_type":"article","og_title":"Impressum - Taxi Limousine-Service","og_description":"Impressum Home Impressum Impressum Angaben gem\u00e4\u00df \u00a7 5 TMG Unternehmen: Taxi Limousine-Service Adresse: Dielsdorferstrasse 7, 8155 Niederhasli\u00a0 Kontakt:Telefon: 0783044453E-Mail: info@schweiz-taxiservice.ch Vertreten durch: Taxi Limousine-Service, Omar Registereintrag: CH-020.1.095.012.0 Umsatzsteuer-ID: CHE-267.028.731 Haftungsausschluss (Disclaimer): Haftung f\u00fcr InhalteAls Diensteanbieter sind wir gem\u00e4\u00df \u00a7 7 Abs.1 TMG f\u00fcr eigene Inhalte auf diesen Seiten nach den allgemeinen Gesetzen verantwortlich. Nach \u00a7\u00a7...","og_url":"https:\/\/schweiz-taxiservice.ch\/en\/impressum\/","og_site_name":"Taxi Limousine-Service","article_modified_time":"2024-08-22T08:18:30+00:00","twitter_card":"summary_large_image","twitter_misc":{"Est. reading time":"1 minute"},"schema":{"@context":"https:\/\/schema.org","@graph":[{"@type":"WebPage","@id":"https:\/\/schweiz-taxiservice.ch\/impressum\/","url":"https:\/\/schweiz-taxiservice.ch\/impressum\/","name":"Imprint - Taxi Limousine Service","isPartOf":{"@id":"https:\/\/schweiz-taxiservice.ch\/#website"},"datePublished":"2024-07-11T12:57:21+00:00","dateModified":"2024-08-22T08:18:30+00:00","breadcrumb":{"@id":"https:\/\/schweiz-taxiservice.ch\/impressum\/#breadcrumb"},"inLanguage":"en-US","potentialAction":[{"@type":"ReadAction","target":["https:\/\/schweiz-taxiservice.ch\/impressum\/"]}]},{"@type":"BreadcrumbList","@id":"https:\/\/schweiz-taxiservice.ch\/impressum\/#breadcrumb","itemListElement":[{"@type":"ListItem","position":1,"name":"Home","item":"https:\/\/schweiz-taxiservice.ch\/"},{"@type":"ListItem","position":2,"name":"Impressum"}]},{"@type":"WebSite","@id":"https:\/\/schweiz-taxiservice.ch\/#website","url":"https:\/\/schweiz-taxiservice.ch\/","name":"Taxi Limousine-Service","description":"","publisher":{"@id":"https:\/\/schweiz-taxiservice.ch\/#organization"},"potentialAction":[{"@type":"SearchAction","target":{"@type":"EntryPoint","urlTemplate":"https:\/\/schweiz-taxiservice.ch\/?s={search_term_string}"},"query-input":{"@type":"PropertyValueSpecification","valueRequired":true,"valueName":"search_term_string"}}],"inLanguage":"en-US"},{"@type":"Organization","@id":"https:\/\/schweiz-taxiservice.ch\/#organization","name":"Taxi Limousine-Service","url":"https:\/\/schweiz-taxiservice.ch\/","logo":{"@type":"ImageObject","inLanguage":"en-US","@id":"https:\/\/schweiz-taxiservice.ch\/#\/schema\/logo\/image\/","url":"https:\/\/schweiz-taxiservice.ch\/wp-content\/uploads\/2023\/09\/Untitled-design-20.webp","contentUrl":"https:\/\/schweiz-taxiservice.ch\/wp-content\/uploads\/2023\/09\/Untitled-design-20.webp","width":170,"height":71,"caption":"Taxi Limousine-Service"},"image":{"@id":"https:\/\/schweiz-taxiservice.ch\/#\/schema\/logo\/image\/"}}]}},"_links":{"self":[{"href":"https:\/\/schweiz-taxiservice.ch\/en\/wp-json\/wp\/v2\/pages\/5167","targetHints":{"allow":["GET"]}}],"collection":[{"href":"https:\/\/schweiz-taxiservice.ch\/en\/wp-json\/wp\/v2\/pages"}],"about":[{"href":"https:\/\/schweiz-taxiservice.ch\/en\/wp-json\/wp\/v2\/types\/page"}],"author":[{"embeddable":true,"href":"https:\/\/schweiz-taxiservice.ch\/en\/wp-json\/wp\/v2\/users\/1"}],"replies":[{"embeddable":true,"href":"https:\/\/schweiz-taxiservice.ch\/en\/wp-json\/wp\/v2\/comments?post=5167"}],"version-history":[{"count":64,"href":"https:\/\/schweiz-taxiservice.ch\/en\/wp-json\/wp\/v2\/pages\/5167\/revisions"}],"predecessor-version":[{"id":5917,"href":"https:\/\/schweiz-taxiservice.ch\/en\/wp-json\/wp\/v2\/pages\/5167\/revisions\/5917"}],"wp:attachment":[{"href":"https:\/\/schweiz-taxiservice.ch\/en\/wp-json\/wp\/v2\/media?parent=5167"}],"curies":[{"name":"wp","href":"https:\/\/api.w.org\/{rel}","templated":true}]}}