{"id":5167,"date":"2024-07-11T12:57:21","date_gmt":"2024-07-11T12:57:21","guid":{"rendered":"https:\/\/schweiz-taxiservice.ch\/?page_id=5167"},"modified":"2024-08-22T08:18:30","modified_gmt":"2024-08-22T08:18:30","slug":"impressum","status":"publish","type":"page","link":"https:\/\/schweiz-taxiservice.ch\/ar\/impressum\/","title":{"rendered":"\u0628\u0635\u0645\u0629"},"content":{"rendered":"<div data-elementor-type=\"wp-page\" data-elementor-id=\"5167\" class=\"elementor elementor-5167\">\n\t\t\t\t<div class=\"elementor-element elementor-element-37a5ef5 e-flex e-con-boxed e-con e-parent\" data-id=\"37a5ef5\" data-element_type=\"container\" data-e-type=\"container\" data-settings=\"{&quot;background_background&quot;:&quot;classic&quot;}\">\n\t\t\t\t\t<div class=\"e-con-inner\">\n\t\t\t\t<div class=\"elementor-element elementor-element-580e9af elementor-widget elementor-widget-heading\" data-id=\"580e9af\" data-element_type=\"widget\" data-e-type=\"widget\" data-widget_type=\"heading.default\">\n\t\t\t\t<div class=\"elementor-widget-container\">\n\t\t\t\t\t<h2 class=\"elementor-heading-title elementor-size-default\">\u0628\u0635\u0645\u0629\n<\/h2>\t\t\t\t<\/div>\n\t\t\t\t<\/div>\n\t\t<div class=\"elementor-element elementor-element-986396d e-con-full e-flex e-con e-child\" data-id=\"986396d\" data-element_type=\"container\" data-e-type=\"container\">\n\t\t\t\t<div class=\"elementor-element elementor-element-e9c80d3 elementor-widget elementor-widget-heading\" data-id=\"e9c80d3\" data-element_type=\"widget\" data-e-type=\"widget\" data-widget_type=\"heading.default\">\n\t\t\t\t<div class=\"elementor-widget-container\">\n\t\t\t\t\t<h2 class=\"elementor-heading-title elementor-size-default\"><a href=\"https:\/\/schweiz-taxiservice.ch\/ar\/\">\u0627\u0644\u0631\u0626\u064a\u0633\u064a\u0647<\/a><\/h2>\t\t\t\t<\/div>\n\t\t\t\t<\/div>\n\t\t\t\t<div class=\"elementor-element elementor-element-6a2c680 elementor-view-default elementor-widget elementor-widget-icon\" data-id=\"6a2c680\" data-element_type=\"widget\" data-e-type=\"widget\" data-widget_type=\"icon.default\">\n\t\t\t\t<div class=\"elementor-widget-container\">\n\t\t\t\t\t\t\t<div class=\"elementor-icon-wrapper\">\n\t\t\t<div class=\"elementor-icon\">\n\t\t\t<svg aria-hidden=\"true\" class=\"e-font-icon-svg e-fas-arrow-right\" viewbox=\"0 0 448 512\" xmlns=\"http:\/\/www.w3.org\/2000\/svg\"><path d=\"M190.5 66.9l22.2-22.2c9.4-9.4 24.6-9.4 33.9 0L441 239c9.4 9.4 9.4 24.6 0 33.9L246.6 467.3c-9.4 9.4-24.6 9.4-33.9 0l-22.2-22.2c-9.5-9.5-9.3-25 .4-34.3L311.4 296H24c-13.3 0-24-10.7-24-24v-32c0-13.3 10.7-24 24-24h287.4L190.9 101.2c-9.8-9.3-10-24.8-.4-34.3z\"><\/path><\/svg>\t\t\t<\/div>\n\t\t<\/div>\n\t\t\t\t\t\t<\/div>\n\t\t\t\t<\/div>\n\t\t\t\t<div class=\"elementor-element elementor-element-7966a60 elementor-widget elementor-widget-heading\" data-id=\"7966a60\" data-element_type=\"widget\" data-e-type=\"widget\" data-widget_type=\"heading.default\">\n\t\t\t\t<div class=\"elementor-widget-container\">\n\t\t\t\t\t<h2 class=\"elementor-heading-title elementor-size-default\">\u0628\u0635\u0645\u0629\n<\/h2>\t\t\t\t<\/div>\n\t\t\t\t<\/div>\n\t\t\t\t<\/div>\n\t\t\t\t\t<\/div>\n\t\t\t\t<\/div>\n\t\t<div class=\"elementor-element elementor-element-478de57 e-flex e-con-boxed e-con e-parent\" data-id=\"478de57\" data-element_type=\"container\" data-e-type=\"container\" data-settings=\"{&quot;background_background&quot;:&quot;classic&quot;}\">\n\t\t\t\t\t<div class=\"e-con-inner\">\n\t\t<div class=\"elementor-element elementor-element-ce5b5b0 e-con-full e-flex e-con e-child\" data-id=\"ce5b5b0\" data-element_type=\"container\" data-e-type=\"container\" data-settings=\"{&quot;background_background&quot;:&quot;classic&quot;}\">\n\t\t\t\t<div class=\"elementor-element elementor-element-97be429 elementor-widget elementor-widget-heading\" data-id=\"97be429\" data-element_type=\"widget\" data-e-type=\"widget\" data-widget_type=\"heading.default\">\n\t\t\t\t<div class=\"elementor-widget-container\">\n\t\t\t\t\t<h2 class=\"elementor-heading-title elementor-size-default\">\u0645\u0639\u0644\u0648\u0645\u0627\u062a \u0627\u0644\u0628\u0635\u0645\u0629 \u0648\u0641\u0642\u064b\u0627 \u0644\u0644\u0645\u0627\u062f\u0629 5 TMG<\/h2>\t\t\t\t<\/div>\n\t\t\t\t<\/div>\n\t\t\r\n\t\t<div class=\"elementor-element elementor-element-09dd339 elementor-widget elementor-widget-text-editor\" data-id=\"09dd339\" data-element_type=\"widget\" data-e-type=\"widget\" data-widget_type=\"text-editor.default\">\n\t\t\t\t<div class=\"elementor-widget-container\">\n\t\t\t\t\t\t\t\t\t<p><strong>\u0634\u0631\u0643\u0629: <br \/><\/strong>\u062a\u0627\u0643\u0633\u064a \u0644\u064a\u0645\u0648\u0632\u064a\u0646-\u0633\u064a\u0631\u0641\u064a\u0633<\/p><p><strong>\u0639\u0646\u0648\u0627\u0646: <br \/><\/strong>Dielsdorferstrasse 7, 8155 Niederhasli\u00a0<\/p><p><strong>\u0627\u062a\u0635\u0627\u0644:<\/strong><br \/>\u0647\u0627\u062a\u0641: <a href=\"tel: 49783044453\">0783044453<\/a><br \/>\u0628\u0631\u064a\u062f \u0625\u0644\u0643\u062a\u0631\u0648\u0646\u064a: <a href=\"mailto:info@autoankaufprofi.ch\">info@schweiz-taxiservice.ch<\/a><\/p><p><strong>\u064a\u062a\u0645\u062b\u0644 \u0628: <\/strong>\u062e\u062f\u0645\u0629 \u062a\u0627\u0643\u0633\u064a \u0644\u064a\u0645\u0648\u0632\u064a\u0646 \u0639\u0645\u0631<\/p><p><strong>\u062a\u0633\u062c\u064a\u0644 \u0627\u0644\u062f\u062e\u0648\u0644: <\/strong>CH-020.1.095.012.0<\/p><p><strong>\u0627\u0644\u0631\u0642\u0645 \u0627\u0644\u0636\u0631\u064a\u0628\u064a: <\/strong>\u062a\u0634\u064a-267.028.731<strong><br \/><\/strong><\/p><p><strong>\u062a\u0646\u0635\u0644:<\/strong><\/p><p><strong>\u0627\u0644\u0645\u0633\u0624\u0648\u0644\u064a\u0629 \u0639\u0646 \u0627\u0644\u0645\u062d\u062a\u0648\u0649<\/strong><br \/>\u0643\u0645\u0642\u062f\u0645 \u062e\u062f\u0645\u0629\u060c \u0646\u062d\u0646 \u0645\u0633\u0624\u0648\u0644\u0648\u0646 \u0639\u0646 \u0627\u0644\u0645\u062d\u062a\u0648\u0649 \u0627\u0644\u062e\u0627\u0635 \u0628\u0646\u0627 \u0639\u0644\u0649 \u0647\u0630\u0647 \u0627\u0644\u0635\u0641\u062d\u0627\u062a \u0648\u0641\u0642\u064b\u0627 \u0644\u0644\u0642\u0648\u0627\u0646\u064a\u0646 \u0627\u0644\u0639\u0627\u0645\u0629 \u0648\u0641\u0642\u064b\u0627 \u0644\u0644\u0645\u0627\u062f\u0629 7 \u0627\u0644\u0641\u0642\u0631\u0629 1 TMG. \u0648\u0645\u0639 \u0630\u0644\u0643\u060c \u0648\u0641\u0642\u064b\u0627 \u0644\u0644\u0623\u0642\u0633\u0627\u0645 \u0645\u0646 8 \u0625\u0644\u0649 10 \u0645\u0646 TMG\u060c \u0641\u0625\u0646\u0646\u0627\u060c \u0628\u0627\u0639\u062a\u0628\u0627\u0631\u0646\u0627 \u0645\u0632\u0648\u062f \u062e\u062f\u0645\u0629\u060c \u0644\u0633\u0646\u0627 \u0645\u0644\u0632\u0645\u064a\u0646 \u0628\u0645\u0631\u0627\u0642\u0628\u0629 \u0645\u0639\u0644\u0648\u0645\u0627\u062a \u0627\u0644\u0637\u0631\u0641 \u0627\u0644\u062b\u0627\u0644\u062b \u0627\u0644\u0645\u0631\u0633\u0644\u0629 \u0623\u0648 \u0627\u0644\u0645\u062e\u0632\u0646\u0629 \u0623\u0648 \u0627\u0644\u062a\u062d\u0642\u064a\u0642 \u0641\u064a \u0627\u0644\u0638\u0631\u0648\u0641 \u0627\u0644\u062a\u064a \u062a\u0634\u064a\u0631 \u0625\u0644\u0649 \u0646\u0634\u0627\u0637 \u063a\u064a\u0631 \u0642\u0627\u0646\u0648\u0646\u064a.<\/p><p><strong>\u0627\u0644\u0645\u0633\u0624\u0648\u0644\u064a\u0629 \u0639\u0646 \u0627\u0644\u0631\u0648\u0627\u0628\u0637<\/strong><br \/>\u064a\u062d\u062a\u0648\u064a \u0639\u0631\u0636\u0646\u0627 \u0639\u0644\u0649 \u0631\u0648\u0627\u0628\u0637 \u0644\u0645\u0648\u0627\u0642\u0639 \u062e\u0627\u0631\u062c\u064a\u0629 \u062a\u0627\u0628\u0639\u0629 \u0644\u062c\u0647\u0627\u062a \u062e\u0627\u0631\u062c\u064a\u0629 \u0648\u0627\u0644\u062a\u064a \u0644\u064a\u0633 \u0644\u062f\u064a\u0646\u0627 \u0623\u064a \u062a\u0623\u062b\u064a\u0631 \u0639\u0644\u0649 \u0645\u062d\u062a\u0648\u0627\u0647\u0627. \u0648\u0644\u0630\u0644\u0643 \u0644\u0627 \u064a\u0645\u0643\u0646\u0646\u0627 \u062a\u062d\u0645\u0644 \u0623\u064a \u0645\u0633\u0624\u0648\u0644\u064a\u0629 \u0639\u0646 \u0647\u0630\u0627 \u0627\u0644\u0645\u062d\u062a\u0648\u0649 \u0627\u0644\u062e\u0627\u0631\u062c\u064a. \u064a\u0643\u0648\u0646 \u0627\u0644\u0645\u0632\u0648\u062f \u0623\u0648 \u0627\u0644\u0645\u0634\u063a\u0644 \u0627\u0644\u0645\u0639\u0646\u064a \u0644\u0644\u0635\u0641\u062d\u0627\u062a \u0645\u0633\u0624\u0648\u0644\u0627\u064b \u062f\u0627\u0626\u0645\u064b\u0627 \u0639\u0646 \u0645\u062d\u062a\u0648\u0649 \u0627\u0644\u0635\u0641\u062d\u0627\u062a \u0627\u0644\u0645\u0631\u062a\u0628\u0637\u0629.<\/p><p><strong>\u062d\u0642\u0648\u0642 \u0627\u0644\u0646\u0634\u0631<\/strong><br \/>\u064a\u062e\u0636\u0639 \u0627\u0644\u0645\u062d\u062a\u0648\u0649 \u0648\u0627\u0644\u0623\u0639\u0645\u0627\u0644 \u0627\u0644\u0645\u0648\u062c\u0648\u062f\u0629 \u0639\u0644\u0649 \u0647\u0630\u0647 \u0627\u0644\u0635\u0641\u062d\u0627\u062a \u0627\u0644\u062a\u064a \u0623\u0646\u0634\u0623\u0647\u0627 \u0645\u0634\u063a\u0644\u0648 \u0627\u0644\u0645\u0648\u0642\u0639 \u0644\u0642\u0627\u0646\u0648\u0646 \u062d\u0642\u0648\u0642 \u0627\u0644\u0646\u0634\u0631 \u0627\u0644\u0633\u0648\u064a\u0633\u0631\u064a. \u064a\u062a\u0645 \u0648\u0636\u0639 \u0639\u0644\u0627\u0645\u0629 \u0639\u0644\u0649 \u0645\u0633\u0627\u0647\u0645\u0627\u062a \u0627\u0644\u0637\u0631\u0641 \u0627\u0644\u062b\u0627\u0644\u062b \u0639\u0644\u0649 \u0647\u0630\u0627 \u0627\u0644\u0646\u062d\u0648. \u064a\u062a\u0637\u0644\u0628 \u0627\u0644\u0646\u0633\u062e \u0648\u0627\u0644\u0645\u0639\u0627\u0644\u062c\u0629 \u0648\u0627\u0644\u062a\u0648\u0632\u064a\u0639 \u0648\u0623\u064a \u0646\u0648\u0639 \u0645\u0646 \u0627\u0644\u0627\u0633\u062a\u063a\u0644\u0627\u0644 \u062e\u0627\u0631\u062c \u062d\u062f\u0648\u062f \u0642\u0627\u0646\u0648\u0646 \u062d\u0642\u0648\u0642 \u0627\u0644\u0637\u0628\u0639 \u0648\u0627\u0644\u0646\u0634\u0631 \u0645\u0648\u0627\u0641\u0642\u0629 \u0643\u062a\u0627\u0628\u064a\u0629 \u0645\u0646 \u0627\u0644\u0645\u0624\u0644\u0641 \u0623\u0648 \u0627\u0644\u0645\u0628\u062f\u0639 \u0627\u0644\u0645\u0639\u0646\u064a.<\/p><p><strong>\u062d\u0644 \u0627\u0644\u0646\u0632\u0627\u0639\u0627\u062a<\/strong><br \/>\u0646\u062d\u0646 \u0644\u0633\u0646\u0627 \u0645\u0633\u062a\u0639\u062f\u064a\u0646 \u0623\u0648 \u0645\u0644\u0632\u0645\u064a\u0646 \u0628\u0627\u0644\u0645\u0634\u0627\u0631\u0643\u0629 \u0641\u064a \u0625\u062c\u0631\u0627\u0621\u0627\u062a \u062d\u0644 \u0627\u0644\u0646\u0632\u0627\u0639\u0627\u062a \u0623\u0645\u0627\u0645 \u0645\u062c\u0644\u0633 \u062a\u062d\u0643\u064a\u0645 \u0627\u0644\u0645\u0633\u062a\u0647\u0644\u0643.<\/p>\t\t\t\t\t\t\t\t<\/div>\n\t\t\t\t<\/div>\n\t\t\t\t<\/div>\n\t\t\t\t\t<\/div>\n\t\t\t\t<\/div>\n\t\t\t\t<\/div>","protected":false},"excerpt":{"rendered":"<p>\u0625\u0634\u0639\u0627\u0631 \u0642\u0627\u0646\u0648\u0646\u064a \u0627\u0644\u0635\u0641\u062d\u0629 \u0627\u0644\u0631\u0626\u064a\u0633\u064a\u0629 \u0625\u0634\u0639\u0627\u0631 \u0642\u0627\u0646\u0648\u0646\u064a \u0625\u0634\u0639\u0627\u0631 \u0642\u0627\u0646\u0648\u0646\u064a \u0645\u0639\u0644\u0648\u0645\u0627\u062a \u0648\u0641\u0642\u064b\u0627 \u0644\u0644\u0645\u0627\u062f\u0629 5 \u0645\u0646 \u0642\u0627\u0646\u0648\u0646 \u062e\u062f\u0645\u0627\u062a \u0627\u0644\u0625\u0639\u0644\u0627\u0645 \u0627\u0644\u0625\u0644\u0643\u062a\u0631\u0648\u0646\u064a (TMG) \u0627\u0644\u0634\u0631\u0643\u0629: \u062e\u062f\u0645\u0629 \u0633\u064a\u0627\u0631\u0627\u062a \u0627\u0644\u0623\u062c\u0631\u0629 \u0648\u0627\u0644\u0644\u064a\u0645\u0648\u0632\u064a\u0646 \u0627\u0644\u0639\u0646\u0648\u0627\u0646: Dielsdorferstrasse 7, 8155 Niederhasli \u062c\u0647\u0629 \u0627\u0644\u0627\u062a\u0635\u0627\u0644: \u0627\u0644\u0647\u0627\u062a\u0641: 0783044453 \u0627\u0644\u0628\u0631\u064a\u062f \u0627\u0644\u0625\u0644\u0643\u062a\u0631\u0648\u0646\u064a: info@schweiz-taxiservice.ch \u0627\u0644\u0645\u0645\u062b\u0644: \u062e\u062f\u0645\u0629 \u0633\u064a\u0627\u0631\u0627\u062a \u0627\u0644\u0623\u062c\u0631\u0629 \u0648\u0627\u0644\u0644\u064a\u0645\u0648\u0632\u064a\u0646\u060c \u0639\u0645\u0631 \u0631\u0642\u0645 \u0627\u0644\u0633\u062c\u0644 \u0627\u0644\u062a\u062c\u0627\u0631\u064a: CH-020.1.095.012.0 \u0631\u0642\u0645 \u0636\u0631\u064a\u0628\u0629 \u0627\u0644\u0642\u064a\u0645\u0629 \u0627\u0644\u0645\u0636\u0627\u0641\u0629: CHE-267.028.731 \u0625\u062e\u0644\u0627\u0621 \u0627\u0644\u0645\u0633\u0624\u0648\u0644\u064a\u0629: \u0627\u0644\u0645\u0633\u0624\u0648\u0644\u064a\u0629 \u0639\u0646 \u0627\u0644\u0645\u062d\u062a\u0648\u0649 \u0628\u0635\u0641\u062a\u0646\u0627 \u0645\u0632\u0648\u062f \u062e\u062f\u0645\u0629\u060c \u0641\u0625\u0646\u0646\u0627 \u0645\u0633\u0624\u0648\u0644\u0648\u0646 \u0639\u0646 \u0645\u062d\u062a\u0648\u0627\u0646\u0627 \u0627\u0644\u062e\u0627\u0635 \u0639\u0644\u0649 \u0647\u0630\u0647 \u0627\u0644\u0635\u0641\u062d\u0627\u062a \u0648\u0641\u0642\u064b\u0627 \u0644\u0644\u0642\u0627\u0646\u0648\u0646 \u0627\u0644\u0639\u0627\u0645 \u0648\u0641\u0642\u064b\u0627 \u0644\u0644\u0645\u0627\u062f\u0629 7 \u0627\u0644\u0641\u0642\u0631\u0629 1 \u0645\u0646 \u0642\u0627\u0646\u0648\u0646 \u062e\u062f\u0645\u0627\u062a \u0627\u0644\u0625\u0639\u0644\u0627\u0645 \u0627\u0644\u0625\u0644\u0643\u062a\u0631\u0648\u0646\u064a (TMG). \u0648\u0641\u0642\u064b\u0627 \u0644\u0644\u0645\u0648\u0627\u062f\u2026<\/p>","protected":false},"author":1,"featured_media":0,"parent":0,"menu_order":0,"comment_status":"closed","ping_status":"closed","template":"elementor_header_footer","meta":{"_monsterinsights_skip_tracking":false,"_monsterinsights_sitenote_active":false,"_monsterinsights_sitenote_note":"","_monsterinsights_sitenote_category":0,"footnotes":""},"class_list":["post-5167","page","type-page","status-publish","hentry"],"yoast_head":"<!-- This site is optimized with the Yoast SEO plugin v25.1 - https:\/\/yoast.com\/wordpress\/plugins\/seo\/ -->\n<title>Impressum - Taxi Limousine-Service<\/title>\n<meta name=\"robots\" content=\"noindex, nofollow\" \/>\n<meta property=\"og:locale\" content=\"ar_AR\" \/>\n<meta property=\"og:type\" content=\"article\" \/>\n<meta property=\"og:title\" content=\"Impressum - Taxi Limousine-Service\" \/>\n<meta property=\"og:description\" content=\"Impressum Home Impressum Impressum Angaben gem\u00e4\u00df \u00a7 5 TMG Unternehmen: Taxi Limousine-Service Adresse: Dielsdorferstrasse 7, 8155 Niederhasli\u00a0 Kontakt:Telefon: 0783044453E-Mail: info@schweiz-taxiservice.ch Vertreten durch: Taxi Limousine-Service, Omar Registereintrag: CH-020.1.095.012.0 Umsatzsteuer-ID: CHE-267.028.731 Haftungsausschluss (Disclaimer): Haftung f\u00fcr InhalteAls Diensteanbieter sind wir gem\u00e4\u00df \u00a7 7 Abs.1 TMG f\u00fcr eigene Inhalte auf diesen Seiten nach den allgemeinen Gesetzen verantwortlich. Nach \u00a7\u00a7...\" \/>\n<meta property=\"og:url\" content=\"https:\/\/schweiz-taxiservice.ch\/ar\/impressum\/\" \/>\n<meta property=\"og:site_name\" content=\"Taxi Limousine-Service\" \/>\n<meta property=\"article:modified_time\" content=\"2024-08-22T08:18:30+00:00\" \/>\n<meta name=\"twitter:card\" content=\"summary_large_image\" \/>\n<meta name=\"twitter:label1\" content=\"\u0648\u0642\u062a \u0627\u0644\u0642\u0631\u0627\u0621\u0629 \u0627\u0644\u0645\u064f\u0642\u062f\u0651\u0631\" \/>\n\t<meta name=\"twitter:data1\" content=\"\u062f\u0642\u064a\u0642\u0629 \u0648\u0627\u062d\u062f\u0629\" \/>\n<script type=\"application\/ld+json\" class=\"yoast-schema-graph\">{\"@context\":\"https:\/\/schema.org\",\"@graph\":[{\"@type\":\"WebPage\",\"@id\":\"https:\/\/schweiz-taxiservice.ch\/impressum\/\",\"url\":\"https:\/\/schweiz-taxiservice.ch\/impressum\/\",\"name\":\"Impressum - Taxi Limousine-Service\",\"isPartOf\":{\"@id\":\"https:\/\/schweiz-taxiservice.ch\/#website\"},\"datePublished\":\"2024-07-11T12:57:21+00:00\",\"dateModified\":\"2024-08-22T08:18:30+00:00\",\"breadcrumb\":{\"@id\":\"https:\/\/schweiz-taxiservice.ch\/impressum\/#breadcrumb\"},\"inLanguage\":\"ar\",\"potentialAction\":[{\"@type\":\"ReadAction\",\"target\":[\"https:\/\/schweiz-taxiservice.ch\/impressum\/\"]}]},{\"@type\":\"BreadcrumbList\",\"@id\":\"https:\/\/schweiz-taxiservice.ch\/impressum\/#breadcrumb\",\"itemListElement\":[{\"@type\":\"ListItem\",\"position\":1,\"name\":\"Home\",\"item\":\"https:\/\/schweiz-taxiservice.ch\/\"},{\"@type\":\"ListItem\",\"position\":2,\"name\":\"Impressum\"}]},{\"@type\":\"WebSite\",\"@id\":\"https:\/\/schweiz-taxiservice.ch\/#website\",\"url\":\"https:\/\/schweiz-taxiservice.ch\/\",\"name\":\"Taxi Limousine-Service\",\"description\":\"\",\"publisher\":{\"@id\":\"https:\/\/schweiz-taxiservice.ch\/#organization\"},\"potentialAction\":[{\"@type\":\"SearchAction\",\"target\":{\"@type\":\"EntryPoint\",\"urlTemplate\":\"https:\/\/schweiz-taxiservice.ch\/?s={search_term_string}\"},\"query-input\":{\"@type\":\"PropertyValueSpecification\",\"valueRequired\":true,\"valueName\":\"search_term_string\"}}],\"inLanguage\":\"ar\"},{\"@type\":\"Organization\",\"@id\":\"https:\/\/schweiz-taxiservice.ch\/#organization\",\"name\":\"Taxi Limousine-Service\",\"url\":\"https:\/\/schweiz-taxiservice.ch\/\",\"logo\":{\"@type\":\"ImageObject\",\"inLanguage\":\"ar\",\"@id\":\"https:\/\/schweiz-taxiservice.ch\/#\/schema\/logo\/image\/\",\"url\":\"https:\/\/schweiz-taxiservice.ch\/wp-content\/uploads\/2023\/09\/Untitled-design-20.webp\",\"contentUrl\":\"https:\/\/schweiz-taxiservice.ch\/wp-content\/uploads\/2023\/09\/Untitled-design-20.webp\",\"width\":170,\"height\":71,\"caption\":\"Taxi Limousine-Service\"},\"image\":{\"@id\":\"https:\/\/schweiz-taxiservice.ch\/#\/schema\/logo\/image\/\"}}]}<\/script>\n<!-- \/ Yoast SEO plugin. -->","yoast_head_json":{"title":"\u0625\u0645\u0628\u0631\u064a\u0646\u062a - \u062e\u062f\u0645\u0629 \u0633\u064a\u0627\u0631\u0627\u062a \u0627\u0644\u0623\u062c\u0631\u0629 \u0648\u0627\u0644\u0644\u064a\u0645\u0648\u0632\u064a\u0646","robots":{"index":"noindex","follow":"nofollow"},"og_locale":"ar_AR","og_type":"article","og_title":"Impressum - Taxi Limousine-Service","og_description":"Impressum Home Impressum Impressum Angaben gem\u00e4\u00df \u00a7 5 TMG Unternehmen: Taxi Limousine-Service Adresse: Dielsdorferstrasse 7, 8155 Niederhasli\u00a0 Kontakt:Telefon: 0783044453E-Mail: info@schweiz-taxiservice.ch Vertreten durch: Taxi Limousine-Service, Omar Registereintrag: CH-020.1.095.012.0 Umsatzsteuer-ID: CHE-267.028.731 Haftungsausschluss (Disclaimer): Haftung f\u00fcr InhalteAls Diensteanbieter sind wir gem\u00e4\u00df \u00a7 7 Abs.1 TMG f\u00fcr eigene Inhalte auf diesen Seiten nach den allgemeinen Gesetzen verantwortlich. Nach \u00a7\u00a7...","og_url":"https:\/\/schweiz-taxiservice.ch\/ar\/impressum\/","og_site_name":"Taxi Limousine-Service","article_modified_time":"2024-08-22T08:18:30+00:00","twitter_card":"summary_large_image","twitter_misc":{"\u0648\u0642\u062a \u0627\u0644\u0642\u0631\u0627\u0621\u0629 \u0627\u0644\u0645\u064f\u0642\u062f\u0651\u0631":"\u062f\u0642\u064a\u0642\u0629 \u0648\u0627\u062d\u062f\u0629"},"schema":{"@context":"https:\/\/schema.org","@graph":[{"@type":"WebPage","@id":"https:\/\/schweiz-taxiservice.ch\/impressum\/","url":"https:\/\/schweiz-taxiservice.ch\/impressum\/","name":"\u0625\u0645\u0628\u0631\u064a\u0646\u062a - \u062e\u062f\u0645\u0629 \u0633\u064a\u0627\u0631\u0627\u062a \u0627\u0644\u0623\u062c\u0631\u0629 \u0648\u0627\u0644\u0644\u064a\u0645\u0648\u0632\u064a\u0646","isPartOf":{"@id":"https:\/\/schweiz-taxiservice.ch\/#website"},"datePublished":"2024-07-11T12:57:21+00:00","dateModified":"2024-08-22T08:18:30+00:00","breadcrumb":{"@id":"https:\/\/schweiz-taxiservice.ch\/impressum\/#breadcrumb"},"inLanguage":"ar","potentialAction":[{"@type":"ReadAction","target":["https:\/\/schweiz-taxiservice.ch\/impressum\/"]}]},{"@type":"BreadcrumbList","@id":"https:\/\/schweiz-taxiservice.ch\/impressum\/#breadcrumb","itemListElement":[{"@type":"ListItem","position":1,"name":"Home","item":"https:\/\/schweiz-taxiservice.ch\/"},{"@type":"ListItem","position":2,"name":"Impressum"}]},{"@type":"WebSite","@id":"https:\/\/schweiz-taxiservice.ch\/#website","url":"https:\/\/schweiz-taxiservice.ch\/","name":"\u062a\u0627\u0643\u0633\u064a \u0644\u064a\u0645\u0648\u0632\u064a\u0646-\u0633\u064a\u0631\u0641\u064a\u0633","description":"","publisher":{"@id":"https:\/\/schweiz-taxiservice.ch\/#organization"},"potentialAction":[{"@type":"SearchAction","target":{"@type":"EntryPoint","urlTemplate":"https:\/\/schweiz-taxiservice.ch\/?s={search_term_string}"},"query-input":{"@type":"PropertyValueSpecification","valueRequired":true,"valueName":"search_term_string"}}],"inLanguage":"ar"},{"@type":"Organization","@id":"https:\/\/schweiz-taxiservice.ch\/#organization","name":"\u062a\u0627\u0643\u0633\u064a \u0644\u064a\u0645\u0648\u0632\u064a\u0646-\u0633\u064a\u0631\u0641\u064a\u0633","url":"https:\/\/schweiz-taxiservice.ch\/","logo":{"@type":"ImageObject","inLanguage":"ar","@id":"https:\/\/schweiz-taxiservice.ch\/#\/schema\/logo\/image\/","url":"https:\/\/schweiz-taxiservice.ch\/wp-content\/uploads\/2023\/09\/Untitled-design-20.webp","contentUrl":"https:\/\/schweiz-taxiservice.ch\/wp-content\/uploads\/2023\/09\/Untitled-design-20.webp","width":170,"height":71,"caption":"Taxi Limousine-Service"},"image":{"@id":"https:\/\/schweiz-taxiservice.ch\/#\/schema\/logo\/image\/"}}]}},"_links":{"self":[{"href":"https:\/\/schweiz-taxiservice.ch\/ar\/wp-json\/wp\/v2\/pages\/5167","targetHints":{"allow":["GET"]}}],"collection":[{"href":"https:\/\/schweiz-taxiservice.ch\/ar\/wp-json\/wp\/v2\/pages"}],"about":[{"href":"https:\/\/schweiz-taxiservice.ch\/ar\/wp-json\/wp\/v2\/types\/page"}],"author":[{"embeddable":true,"href":"https:\/\/schweiz-taxiservice.ch\/ar\/wp-json\/wp\/v2\/users\/1"}],"replies":[{"embeddable":true,"href":"https:\/\/schweiz-taxiservice.ch\/ar\/wp-json\/wp\/v2\/comments?post=5167"}],"version-history":[{"count":64,"href":"https:\/\/schweiz-taxiservice.ch\/ar\/wp-json\/wp\/v2\/pages\/5167\/revisions"}],"predecessor-version":[{"id":5917,"href":"https:\/\/schweiz-taxiservice.ch\/ar\/wp-json\/wp\/v2\/pages\/5167\/revisions\/5917"}],"wp:attachment":[{"href":"https:\/\/schweiz-taxiservice.ch\/ar\/wp-json\/wp\/v2\/media?parent=5167"}],"curies":[{"name":"\u0648\u0648\u0631\u062f\u0628\u0631\u064a\u0633","href":"https:\/\/api.w.org\/{rel}","templated":true}]}}